{"id":14570,"date":"2024-07-30T18:02:07","date_gmt":"2024-07-30T18:02:07","guid":{"rendered":"https:\/\/trustpair.com\/legal-notice\/"},"modified":"2025-02-04T10:26:08","modified_gmt":"2025-02-04T10:26:08","slug":"legal-notice","status":"publish","type":"page","link":"https:\/\/trustpair.com\/gb\/legal-notice\/","title":{"rendered":"Legal notice"},"content":{"rendered":"\t\t<div data-elementor-type=\"wp-page\" data-elementor-id=\"14570\" class=\"elementor elementor-14570 elementor-4879\" data-elementor-post-type=\"page\">\n\t\t\t\t<div class=\"elementor-element elementor-element-17a63e1 e-flex e-con-boxed e-con e-parent\" data-id=\"17a63e1\" data-element_type=\"container\" data-e-type=\"container\">\n\t\t\t\t\t<div class=\"e-con-inner\">\n\t\t\t\t<div class=\"elementor-element elementor-element-cc0dbab text-editor-list blog-post-style light-link elementor-widget elementor-widget-text-editor\" data-id=\"cc0dbab\" data-element_type=\"widget\" data-e-type=\"widget\" data-widget_type=\"text-editor.default\">\n\t\t\t\t\t\t\t\t\t<div class=\"elementor-element elementor-element-0ed5278 elementor-widget elementor-widget-heading is-mac\" data-id=\"0ed5278\" data-element_type=\"widget\" data-widget_type=\"heading.default\">\n<div class=\"elementor-widget-container\">\n<h1 class=\"elementor-heading-title elementor-size-default\">Legal Notices<\/h1>\n<\/div>\n<\/div>\n<div class=\"elementor-element elementor-element-2a022f1 elementor-widget-divider--view-line elementor-widget elementor-widget-divider is-mac\" data-id=\"2a022f1\" data-element_type=\"widget\" data-widget_type=\"divider.default\">\n<div class=\"elementor-widget-container\">\n<h2 class=\"elementor-divider\">Site publisher<\/h2>\n<div>\u00a0<\/div>\n<\/div>\n<\/div>\n<div class=\"elementor-element elementor-element-2288ce0 elementor-widget elementor-widget-text-editor is-mac\" data-id=\"2288ce0\" data-element_type=\"widget\" data-widget_type=\"text-editor.default\">\n<div class=\"elementor-widget-container\">\n<p>Trustpair<\/p>\n<p><i>Soci\u00e9t\u00e9 par actions simplifi\u00e9e <\/i>with a capital of 72.277,66\u20ac<\/p>\n<p>174 quai de Jemmapes, 75010 Paris<\/p>\n<p>832 940 670 R.C.S. Paris<\/p>\n<p>privacy@trustpair.fr<\/p>\n<p>Publishing Director for the site is Baptiste COLLOT<\/p>\n<h3>Host<\/h3>\n<p>Hosting is provided by Kinsta Inc.<\/p>\n<p>Attn: Privacy and Data Protection Team<\/p>\n<p>8605 Santa Monica Blvd #92581<\/p>\n<p>West Hollywood, CA 90069<\/p>\n<p>United States of America<\/p>\n<p><a href=\"mailto:privacy@kinsta.com\">privacy@kinsta.com<\/a><\/p>\n<h3>Right of access, modification, rectification and erasure of data<\/h3>\n<p>The information that relates to you is intended for the company Trustpair SAS. We commit to respecting the provisions of the\u00a0<i>Loi sur l\u2019informatique et les libert\u00e9s<\/i>\u00a0(article 27 and 34 of law n\u00b078-17 of 6 January 1978 as amended).<\/p>\n<p>Consequently, you have the right to access, modify, rectify and delete any data relating to yourself. To exercise this right, please contact us by e-mail at\u00a0<a href=\"mailto:dpo@trustpair.fr\">dpo@trustpair.fr<\/a>\u00a0or by post at the following address:<\/p>\n<p>\u00a0<\/p>\n<p>Trustpair SAS<br \/>174 quai de Jemmapes<br \/>75010 Paris<\/p>\n<\/div>\n<\/div>\t\t\t\t\t\t\t\t<\/div>\n\t\t\t\t\t<\/div>\n\t\t\t\t<\/div>\n\t\t\t\t<\/div>\n\t\t","protected":false},"excerpt":{"rendered":"<p>Legal Notices Site publisher \u00a0 Trustpair Soci\u00e9t\u00e9 par actions simplifi\u00e9e with a capital of 72.277,66\u20ac 174 quai de Jemmapes, 75010 Paris 832 940 670 R.C.S. Paris privacy@trustpair.fr Publishing Director for the site is Baptiste COLLOT Host Hosting is provided by Kinsta Inc. Attn: Privacy and Data Protection Team 8605 Santa Monica Blvd #92581 West Hollywood, [&hellip;]<\/p>\n","protected":false},"author":1,"featured_media":0,"parent":0,"menu_order":0,"comment_status":"closed","ping_status":"closed","template":"elementor_header_footer","meta":{"footnotes":""},"connector-categories":[],"class_list":["post-14570","page","type-page","status-publish","has-post-thumbnail","hentry"],"yoast_head":"<!-- This site is optimized with the Yoast SEO plugin v27.5 - https:\/\/yoast.com\/product\/yoast-seo-wordpress\/ -->\n<title>Legal notice - Trustpair<\/title>\n<meta name=\"description\" content=\"Legal notice of our website trustpair.com\" \/>\n<meta name=\"robots\" content=\"index, follow, max-snippet:-1, max-image-preview:large, max-video-preview:-1\" \/>\n<link rel=\"canonical\" href=\"https:\/\/trustpair.com\/gb\/legal-notice\/\" \/>\n<meta property=\"og:locale\" content=\"en_GB\" \/>\n<meta property=\"og:type\" content=\"article\" \/>\n<meta property=\"og:title\" content=\"Legal notice - Trustpair\" \/>\n<meta property=\"og:description\" content=\"Legal notice of our website trustpair.com\" \/>\n<meta property=\"og:url\" content=\"https:\/\/trustpair.com\/gb\/legal-notice\/\" \/>\n<meta property=\"og:site_name\" content=\"Trustpair\" \/>\n<meta property=\"article:modified_time\" content=\"2025-02-04T10:26:08+00:00\" \/>\n<meta property=\"og:image\" content=\"https:\/\/trustpair.com\/wp-content\/uploads\/trustpair-featured-image.png\" \/>\n\t<meta property=\"og:image:width\" content=\"1200\" \/>\n\t<meta property=\"og:image:height\" content=\"675\" \/>\n\t<meta property=\"og:image:type\" content=\"image\/png\" \/>\n<meta name=\"twitter:card\" content=\"summary_large_image\" \/>\n<script type=\"application\/ld+json\" class=\"yoast-schema-graph\">{\"@context\":\"https:\\\/\\\/schema.org\",\"@graph\":[{\"@type\":\"WebPage\",\"@id\":\"https:\\\/\\\/trustpair.com\\\/gb\\\/legal-notice\\\/\",\"url\":\"https:\\\/\\\/trustpair.com\\\/gb\\\/legal-notice\\\/\",\"name\":\"Legal notice - Trustpair\",\"isPartOf\":{\"@id\":\"https:\\\/\\\/trustpair.com\\\/gb\\\/#website\"},\"datePublished\":\"2024-07-30T18:02:07+00:00\",\"dateModified\":\"2025-02-04T10:26:08+00:00\",\"description\":\"Legal notice of our website trustpair.com\",\"breadcrumb\":{\"@id\":\"https:\\\/\\\/trustpair.com\\\/gb\\\/legal-notice\\\/#breadcrumb\"},\"inLanguage\":\"en-GB\",\"potentialAction\":[{\"@type\":\"ReadAction\",\"target\":[\"https:\\\/\\\/trustpair.com\\\/gb\\\/legal-notice\\\/\"]}]},{\"@type\":\"BreadcrumbList\",\"@id\":\"https:\\\/\\\/trustpair.com\\\/gb\\\/legal-notice\\\/#breadcrumb\",\"itemListElement\":[{\"@type\":\"ListItem\",\"position\":1,\"name\":\"Home\",\"item\":\"https:\\\/\\\/trustpair.com\\\/gb\\\/\"},{\"@type\":\"ListItem\",\"position\":2,\"name\":\"Legal notice\"}]},{\"@type\":\"WebSite\",\"@id\":\"https:\\\/\\\/trustpair.com\\\/gb\\\/#website\",\"url\":\"https:\\\/\\\/trustpair.com\\\/gb\\\/\",\"name\":\"Trustpair\",\"description\":\"Leading Payment Fraud Prevention Platform\",\"publisher\":{\"@id\":\"https:\\\/\\\/trustpair.com\\\/gb\\\/#organization\"},\"potentialAction\":[{\"@type\":\"SearchAction\",\"target\":{\"@type\":\"EntryPoint\",\"urlTemplate\":\"https:\\\/\\\/trustpair.com\\\/gb\\\/?s={search_term_string}\"},\"query-input\":{\"@type\":\"PropertyValueSpecification\",\"valueRequired\":true,\"valueName\":\"search_term_string\"}}],\"inLanguage\":\"en-GB\"},{\"@type\":\"Organization\",\"@id\":\"https:\\\/\\\/trustpair.com\\\/gb\\\/#organization\",\"name\":\"Trustpair\",\"url\":\"https:\\\/\\\/trustpair.com\\\/gb\\\/\",\"logo\":{\"@type\":\"ImageObject\",\"inLanguage\":\"en-GB\",\"@id\":\"https:\\\/\\\/trustpair.com\\\/gb\\\/#\\\/schema\\\/logo\\\/image\\\/\",\"url\":\"https:\\\/\\\/trustpair.com\\\/wp-content\\\/uploads\\\/2024\\\/07\\\/Logo-trustpair.svg\",\"contentUrl\":\"https:\\\/\\\/trustpair.com\\\/wp-content\\\/uploads\\\/2024\\\/07\\\/Logo-trustpair.svg\",\"width\":304,\"height\":73,\"caption\":\"Trustpair\"},\"image\":{\"@id\":\"https:\\\/\\\/trustpair.com\\\/gb\\\/#\\\/schema\\\/logo\\\/image\\\/\"}}]}<\/script>\n<!-- \/ Yoast SEO plugin. -->","yoast_head_json":{"title":"Legal notice - Trustpair","description":"Legal notice of our website trustpair.com","robots":{"index":"index","follow":"follow","max-snippet":"max-snippet:-1","max-image-preview":"max-image-preview:large","max-video-preview":"max-video-preview:-1"},"canonical":"https:\/\/trustpair.com\/gb\/legal-notice\/","og_locale":"en_GB","og_type":"article","og_title":"Legal notice - Trustpair","og_description":"Legal notice of our website trustpair.com","og_url":"https:\/\/trustpair.com\/gb\/legal-notice\/","og_site_name":"Trustpair","article_modified_time":"2025-02-04T10:26:08+00:00","og_image":[{"width":1200,"height":675,"url":"https:\/\/trustpair.com\/wp-content\/uploads\/trustpair-featured-image.png","type":"image\/png"}],"twitter_card":"summary_large_image","schema":{"@context":"https:\/\/schema.org","@graph":[{"@type":"WebPage","@id":"https:\/\/trustpair.com\/gb\/legal-notice\/","url":"https:\/\/trustpair.com\/gb\/legal-notice\/","name":"Legal notice - Trustpair","isPartOf":{"@id":"https:\/\/trustpair.com\/gb\/#website"},"datePublished":"2024-07-30T18:02:07+00:00","dateModified":"2025-02-04T10:26:08+00:00","description":"Legal notice of our website trustpair.com","breadcrumb":{"@id":"https:\/\/trustpair.com\/gb\/legal-notice\/#breadcrumb"},"inLanguage":"en-GB","potentialAction":[{"@type":"ReadAction","target":["https:\/\/trustpair.com\/gb\/legal-notice\/"]}]},{"@type":"BreadcrumbList","@id":"https:\/\/trustpair.com\/gb\/legal-notice\/#breadcrumb","itemListElement":[{"@type":"ListItem","position":1,"name":"Home","item":"https:\/\/trustpair.com\/gb\/"},{"@type":"ListItem","position":2,"name":"Legal notice"}]},{"@type":"WebSite","@id":"https:\/\/trustpair.com\/gb\/#website","url":"https:\/\/trustpair.com\/gb\/","name":"Trustpair","description":"Leading Payment Fraud Prevention Platform","publisher":{"@id":"https:\/\/trustpair.com\/gb\/#organization"},"potentialAction":[{"@type":"SearchAction","target":{"@type":"EntryPoint","urlTemplate":"https:\/\/trustpair.com\/gb\/?s={search_term_string}"},"query-input":{"@type":"PropertyValueSpecification","valueRequired":true,"valueName":"search_term_string"}}],"inLanguage":"en-GB"},{"@type":"Organization","@id":"https:\/\/trustpair.com\/gb\/#organization","name":"Trustpair","url":"https:\/\/trustpair.com\/gb\/","logo":{"@type":"ImageObject","inLanguage":"en-GB","@id":"https:\/\/trustpair.com\/gb\/#\/schema\/logo\/image\/","url":"https:\/\/trustpair.com\/wp-content\/uploads\/2024\/07\/Logo-trustpair.svg","contentUrl":"https:\/\/trustpair.com\/wp-content\/uploads\/2024\/07\/Logo-trustpair.svg","width":304,"height":73,"caption":"Trustpair"},"image":{"@id":"https:\/\/trustpair.com\/gb\/#\/schema\/logo\/image\/"}}]}},"_links":{"self":[{"href":"https:\/\/trustpair.com\/gb\/wp-json\/wp\/v2\/pages\/14570","targetHints":{"allow":["GET"]}}],"collection":[{"href":"https:\/\/trustpair.com\/gb\/wp-json\/wp\/v2\/pages"}],"about":[{"href":"https:\/\/trustpair.com\/gb\/wp-json\/wp\/v2\/types\/page"}],"author":[{"embeddable":true,"href":"https:\/\/trustpair.com\/gb\/wp-json\/wp\/v2\/users\/1"}],"replies":[{"embeddable":true,"href":"https:\/\/trustpair.com\/gb\/wp-json\/wp\/v2\/comments?post=14570"}],"version-history":[{"count":0,"href":"https:\/\/trustpair.com\/gb\/wp-json\/wp\/v2\/pages\/14570\/revisions"}],"wp:attachment":[{"href":"https:\/\/trustpair.com\/gb\/wp-json\/wp\/v2\/media?parent=14570"}],"wp:term":[{"taxonomy":"connector-categories","embeddable":true,"href":"https:\/\/trustpair.com\/gb\/wp-json\/wp\/v2\/connector-categories?post=14570"}],"curies":[{"name":"wp","href":"https:\/\/api.w.org\/{rel}","templated":true}]}}