{"id":14538,"date":"2024-07-01T19:11:48","date_gmt":"2024-07-01T19:11:48","guid":{"rendered":"https:\/\/trustpair.com\/privacy-policy\/"},"modified":"2025-02-04T10:20:30","modified_gmt":"2025-02-04T10:20:30","slug":"privacy-policy","status":"publish","type":"page","link":"https:\/\/trustpair.com\/gb\/privacy-policy\/","title":{"rendered":"Privacy Policy"},"content":{"rendered":"\t\t<div data-elementor-type=\"wp-page\" data-elementor-id=\"14538\" class=\"elementor elementor-14538 elementor-1898\" data-elementor-post-type=\"page\">\n\t\t\t\t<div class=\"elementor-element elementor-element-17a63e1 e-flex e-con-boxed e-con e-parent\" data-id=\"17a63e1\" data-element_type=\"container\" data-e-type=\"container\">\n\t\t\t\t\t<div class=\"e-con-inner\">\n\t\t\t\t<div class=\"elementor-element elementor-element-cc0dbab text-editor-list blog-post-style light-link elementor-widget elementor-widget-text-editor\" data-id=\"cc0dbab\" data-element_type=\"widget\" data-e-type=\"widget\" data-widget_type=\"text-editor.default\">\n\t\t\t\t\t\t\t\t\t<h1>Privacy statement<\/h1><p>Trustpair, a French soci\u00e9t\u00e9 par actions simplifi\u00e9e, with its registered office located at 174, quai de Jemmapes, 75010, Paris, France, and registered with the Paris Trade and Companies Register under number 832 940 670, collects and processes personal data in its capacity as data controller and, to an extent, as data processor.<br \/>The data processed by Trustpair are collected, recorded and stored in accordance with the provisions of the law n\u00b078-17 of 6 January, 1978 in its current version, as well as with the provisions of the General Data Protection Regulation (Regulation (EU) n\u00b02016\/679 \u201cGDPR\u201d).<\/p><h2>Purposes and legal basis of the processing<\/h2><p>The data collected by Trustpair as data controller under the meaning of the GDPR are mostly professional contact details of the representatives of Trustpair\u2019s clients and prospects as well as, if applicable, the content of their requests and interactions with the website\u00a0www.trustpair.fr\u00a0(the \u201cWebsite\u201d), the application\u00a0https:\/\/app.trustpair.fr, the API\u00a0https:\/\/app.trustpair.fr\/api\/v1, and as a whole, any solution published by Trustpair (the \u201cApplications\u201d).<br \/>The data collected on the Website are collected with the consent of the data subjects, and for their pre-contractual relations with Trustpair when they request information on Trustpair\u2019s products and services or apply to join Trustpair.<br \/>The data collected from the Applications are collected for the purpose of executing the contracts between Trustpair and its clients, and between the clients and their suppliers and beneficiaries.<br \/>The processing of these data is necessary for Trustpair to provide the services of the Website and Applications. It allows Trustpair to provide a fraud and payment error detection service, to know how the data subjects use or wish to use the services, to respond to requests (contact, demo, expertise) and to maintain its relations with clients and prospects.<br \/>When representatives of clients and prospects engage with Trustpair\u2019s employees, the data collected may be used to send them newsletters and to follow up on their interests in the services.<br \/>Connection logs and accesses to the Website and the Applications are collected on the basis of Trustpair\u2019s legitimate interest in securing the Website and the Applications and in preventing fraud.<\/p><h2>Nature of the data collected as data controller<\/h2><p>When using the Website, only the data marked with an asterisk are mandatory. Trustpair mainly collects the following data from the Website:<\/p><ul><li>For the newsletter:\u00a0email address<\/li><li>In the chat:\u00a0email address and business phone number, content of the messages sent<\/li><li>To request a demonstration, participate in or receive the replay of a webinar, contact an expert or receive a personalized quote: name, surname, address<\/li><li>To submit a partnership request:\u00a0first name, last name, business email and phone number, company name, position and revenue, and replay of events\/webinars if applicable<\/li><li>To submit a partnership request:\u00a0first name, last name, professional email address and phone number, company name, content of the message<\/li><li>To submit a job application:\u00a0last name, first name, email address, phone number, photo, CV, cover letter.<br \/>Trustpair mainly collects the following data from the Applications<\/li><li>To create the users\u2019 account:\u00a0Name, first name, professional email, administrator\/user status<\/li><li>To provide training to the client\u2019s users:\u00a0Name, first name, professional email and phone number, company, position, content\/nature and dates of the training<\/li><li>To provide support services:\u00a0First and last name, professional email, content of the message, identity of the client, name of the verification operator, nature of the difficulty\/bug, IP address<\/li><li>To train its sales representatives:\u00a0records of interactions between sales representatives and representatives of prospects and clients<\/li><li>For invoicing purposes:\u00a0Name, surname, position, professional contact details (email\/ telephone\/ employer\u2019s name\/ address), content of exchanges (emails, meeting notes, etc.)<\/li><li>To protect its interests in case of litigation:\u00a0all exchanges with the party in litigation\/pre-litigation, history of disputes, name\/first names of contacts within the party in litigation\/pre-litigation, order history, services provided, nature and requests, professional contact details (email and telephone number), content of exchanges (notes, memos, email, etc.)<\/li><\/ul><p>Additionally, Trustpair collects, for the security of its IT system, the logs and technical information of connection to the Website and the Applications, namely: IP address, logs, identification of terminals, time stamps, origin of the mail server, use of the system, access, modification, extraction, and deletion of files\/data and time spent on the computer system.<\/p><h2>Sub-processing<\/h2><p>When Trustpair processes IBANs containing personal data (such as when the IBAN provided for authentication belongs to someone who is self-employed or a shareholder of a client), Trustpair acts as a sub-processor of the client\u2019s personal data under the meaning of the GDPR.<br \/>Trustpair collects the business telephone number, and in specific cases (self-employed\/freelance\/shareholders\/policy holder): name, first name of the person, home address (on the IBAN) and telephone number.<br \/>When acting as a sub-processor Trustpair always follows the instructions of the client acting as data processor.<\/p><h2>Data retention term<\/h2><p>Upon reaching the end of these terms, the data are deleted.<\/p><h2>Hosting \u2013 Data access<\/h2><p>Data subjects have the right to access, modify, rectify, delete and, where applicable, object to a processing and request to port their personal data, in accordance with the Law n\u00b078-17 in its current version and the provisions of the GDPR.<br \/>When an employee of a client requests to exercise his\/her rights and Trustpair is acting as a data processor under the meaning of the GDPR, the requests are addressed to the client responsible for processing as the client alone determines the follow-up to these requests.<br \/>When the processing is based on the consent of the data subject, the latter can withdraw his\/her consent at any time, without this affecting the lawfulness of the processing previously carried out on his\/her personal data.<br \/>These rights can be exercised at the following email address:\u00a0privacy@trustpair.fr.<br \/>Trustpair has also appointed a Data Protection Officer: the company Virtual-DPO. VIRTUAL-DPO can be contacted at any time through the email address:\u00a0contact@virtual-dpo.fr\u00a0or via its website www.virtual-dpo.fr.<br \/>In case of difficulties in connection with the management of their personal data, the data subjects may lodge a complaint with the CNIL or with any competent supervisory authority.<\/p><p>\u00a0<\/p>\t\t\t\t\t\t\t\t<\/div>\n\t\t\t\t\t<\/div>\n\t\t\t\t<\/div>\n\t\t\t\t<\/div>\n\t\t","protected":false},"excerpt":{"rendered":"<p>Privacy statement Trustpair, a French soci\u00e9t\u00e9 par actions simplifi\u00e9e, with its registered office located at 174, quai de Jemmapes, 75010, Paris, France, and registered with the Paris Trade and Companies Register under number 832 940 670, collects and processes personal data in its capacity as data controller and, to an extent, as data processor.The data [&hellip;]<\/p>\n","protected":false},"author":1,"featured_media":0,"parent":0,"menu_order":0,"comment_status":"closed","ping_status":"closed","template":"elementor_header_footer","meta":{"footnotes":""},"connector-categories":[],"class_list":["post-14538","page","type-page","status-publish","has-post-thumbnail","hentry"],"yoast_head":"<!-- This site is optimized with the Yoast SEO plugin v27.2 - https:\/\/yoast.com\/product\/yoast-seo-wordpress\/ -->\n<title>Privacy policy - Trustpair<\/title>\n<meta name=\"description\" content=\"All about our privacy policy\" \/>\n<meta name=\"robots\" content=\"index, follow, max-snippet:-1, max-image-preview:large, max-video-preview:-1\" \/>\n<link rel=\"canonical\" href=\"https:\/\/trustpair.com\/gb\/privacy-policy\/\" \/>\n<meta property=\"og:locale\" content=\"en_GB\" \/>\n<meta property=\"og:type\" content=\"article\" \/>\n<meta property=\"og:title\" content=\"Privacy policy - Trustpair\" \/>\n<meta property=\"og:description\" content=\"All about our privacy policy\" \/>\n<meta property=\"og:url\" content=\"https:\/\/trustpair.com\/gb\/privacy-policy\/\" \/>\n<meta property=\"og:site_name\" content=\"Trustpair\" \/>\n<meta property=\"article:modified_time\" content=\"2025-02-04T10:20:30+00:00\" \/>\n<meta property=\"og:image\" content=\"https:\/\/trustpair.com\/wp-content\/uploads\/trustpair-featured-image.png\" \/>\n\t<meta property=\"og:image:width\" content=\"1200\" \/>\n\t<meta property=\"og:image:height\" content=\"675\" \/>\n\t<meta property=\"og:image:type\" content=\"image\/png\" \/>\n<meta name=\"twitter:card\" content=\"summary_large_image\" \/>\n<script type=\"application\/ld+json\" class=\"yoast-schema-graph\">{\"@context\":\"https:\/\/schema.org\",\"@graph\":[{\"@type\":\"WebPage\",\"@id\":\"https:\/\/trustpair.com\/gb\/privacy-policy\/\",\"url\":\"https:\/\/trustpair.com\/gb\/privacy-policy\/\",\"name\":\"Privacy policy - Trustpair\",\"isPartOf\":{\"@id\":\"https:\/\/trustpair.com\/gb\/#website\"},\"datePublished\":\"2024-07-01T19:11:48+00:00\",\"dateModified\":\"2025-02-04T10:20:30+00:00\",\"description\":\"All about our privacy policy\",\"breadcrumb\":{\"@id\":\"https:\/\/trustpair.com\/gb\/privacy-policy\/#breadcrumb\"},\"inLanguage\":\"en-GB\",\"potentialAction\":[{\"@type\":\"ReadAction\",\"target\":[\"https:\/\/trustpair.com\/gb\/privacy-policy\/\"]}]},{\"@type\":\"BreadcrumbList\",\"@id\":\"https:\/\/trustpair.com\/gb\/privacy-policy\/#breadcrumb\",\"itemListElement\":[{\"@type\":\"ListItem\",\"position\":1,\"name\":\"Home\",\"item\":\"https:\/\/trustpair.com\/gb\/\"},{\"@type\":\"ListItem\",\"position\":2,\"name\":\"Privacy Policy\"}]},{\"@type\":\"WebSite\",\"@id\":\"https:\/\/trustpair.com\/gb\/#website\",\"url\":\"https:\/\/trustpair.com\/gb\/\",\"name\":\"Trustpair\",\"description\":\"Leading Payment Fraud Prevention Platform\",\"publisher\":{\"@id\":\"https:\/\/trustpair.com\/gb\/#organization\"},\"potentialAction\":[{\"@type\":\"SearchAction\",\"target\":{\"@type\":\"EntryPoint\",\"urlTemplate\":\"https:\/\/trustpair.com\/gb\/?s={search_term_string}\"},\"query-input\":{\"@type\":\"PropertyValueSpecification\",\"valueRequired\":true,\"valueName\":\"search_term_string\"}}],\"inLanguage\":\"en-GB\"},{\"@type\":\"Organization\",\"@id\":\"https:\/\/trustpair.com\/gb\/#organization\",\"name\":\"Trustpair\",\"url\":\"https:\/\/trustpair.com\/gb\/\",\"logo\":{\"@type\":\"ImageObject\",\"inLanguage\":\"en-GB\",\"@id\":\"https:\/\/trustpair.com\/gb\/#\/schema\/logo\/image\/\",\"url\":\"https:\/\/trustpair.com\/wp-content\/uploads\/2024\/07\/Logo-trustpair.svg\",\"contentUrl\":\"https:\/\/trustpair.com\/wp-content\/uploads\/2024\/07\/Logo-trustpair.svg\",\"width\":304,\"height\":73,\"caption\":\"Trustpair\"},\"image\":{\"@id\":\"https:\/\/trustpair.com\/gb\/#\/schema\/logo\/image\/\"}}]}<\/script>\n<!-- \/ Yoast SEO plugin. -->","yoast_head_json":{"title":"Privacy policy - Trustpair","description":"All about our privacy policy","robots":{"index":"index","follow":"follow","max-snippet":"max-snippet:-1","max-image-preview":"max-image-preview:large","max-video-preview":"max-video-preview:-1"},"canonical":"https:\/\/trustpair.com\/gb\/privacy-policy\/","og_locale":"en_GB","og_type":"article","og_title":"Privacy policy - Trustpair","og_description":"All about our privacy policy","og_url":"https:\/\/trustpair.com\/gb\/privacy-policy\/","og_site_name":"Trustpair","article_modified_time":"2025-02-04T10:20:30+00:00","og_image":[{"width":1200,"height":675,"url":"https:\/\/trustpair.com\/wp-content\/uploads\/trustpair-featured-image.png","type":"image\/png"}],"twitter_card":"summary_large_image","schema":{"@context":"https:\/\/schema.org","@graph":[{"@type":"WebPage","@id":"https:\/\/trustpair.com\/gb\/privacy-policy\/","url":"https:\/\/trustpair.com\/gb\/privacy-policy\/","name":"Privacy policy - Trustpair","isPartOf":{"@id":"https:\/\/trustpair.com\/gb\/#website"},"datePublished":"2024-07-01T19:11:48+00:00","dateModified":"2025-02-04T10:20:30+00:00","description":"All about our privacy policy","breadcrumb":{"@id":"https:\/\/trustpair.com\/gb\/privacy-policy\/#breadcrumb"},"inLanguage":"en-GB","potentialAction":[{"@type":"ReadAction","target":["https:\/\/trustpair.com\/gb\/privacy-policy\/"]}]},{"@type":"BreadcrumbList","@id":"https:\/\/trustpair.com\/gb\/privacy-policy\/#breadcrumb","itemListElement":[{"@type":"ListItem","position":1,"name":"Home","item":"https:\/\/trustpair.com\/gb\/"},{"@type":"ListItem","position":2,"name":"Privacy Policy"}]},{"@type":"WebSite","@id":"https:\/\/trustpair.com\/gb\/#website","url":"https:\/\/trustpair.com\/gb\/","name":"Trustpair","description":"Leading Payment Fraud Prevention Platform","publisher":{"@id":"https:\/\/trustpair.com\/gb\/#organization"},"potentialAction":[{"@type":"SearchAction","target":{"@type":"EntryPoint","urlTemplate":"https:\/\/trustpair.com\/gb\/?s={search_term_string}"},"query-input":{"@type":"PropertyValueSpecification","valueRequired":true,"valueName":"search_term_string"}}],"inLanguage":"en-GB"},{"@type":"Organization","@id":"https:\/\/trustpair.com\/gb\/#organization","name":"Trustpair","url":"https:\/\/trustpair.com\/gb\/","logo":{"@type":"ImageObject","inLanguage":"en-GB","@id":"https:\/\/trustpair.com\/gb\/#\/schema\/logo\/image\/","url":"https:\/\/trustpair.com\/wp-content\/uploads\/2024\/07\/Logo-trustpair.svg","contentUrl":"https:\/\/trustpair.com\/wp-content\/uploads\/2024\/07\/Logo-trustpair.svg","width":304,"height":73,"caption":"Trustpair"},"image":{"@id":"https:\/\/trustpair.com\/gb\/#\/schema\/logo\/image\/"}}]}},"_links":{"self":[{"href":"https:\/\/trustpair.com\/gb\/wp-json\/wp\/v2\/pages\/14538","targetHints":{"allow":["GET"]}}],"collection":[{"href":"https:\/\/trustpair.com\/gb\/wp-json\/wp\/v2\/pages"}],"about":[{"href":"https:\/\/trustpair.com\/gb\/wp-json\/wp\/v2\/types\/page"}],"author":[{"embeddable":true,"href":"https:\/\/trustpair.com\/gb\/wp-json\/wp\/v2\/users\/1"}],"replies":[{"embeddable":true,"href":"https:\/\/trustpair.com\/gb\/wp-json\/wp\/v2\/comments?post=14538"}],"version-history":[{"count":1,"href":"https:\/\/trustpair.com\/gb\/wp-json\/wp\/v2\/pages\/14538\/revisions"}],"predecessor-version":[{"id":15791,"href":"https:\/\/trustpair.com\/gb\/wp-json\/wp\/v2\/pages\/14538\/revisions\/15791"}],"wp:attachment":[{"href":"https:\/\/trustpair.com\/gb\/wp-json\/wp\/v2\/media?parent=14538"}],"wp:term":[{"taxonomy":"connector-categories","embeddable":true,"href":"https:\/\/trustpair.com\/gb\/wp-json\/wp\/v2\/connector-categories?post=14538"}],"curies":[{"name":"wp","href":"https:\/\/api.w.org\/{rel}","templated":true}]}}