{"id":8547,"date":"2024-07-30T18:07:04","date_gmt":"2024-07-30T18:07:04","guid":{"rendered":"https:\/\/trustpair.com\/?page_id=8547"},"modified":"2024-09-17T15:29:13","modified_gmt":"2024-09-17T15:29:13","slug":"politique-cookies","status":"publish","type":"page","link":"https:\/\/trustpair.com\/fr\/politique-cookies\/","title":{"rendered":"Politique Cookies"},"content":{"rendered":"\t\t<div data-elementor-type=\"wp-page\" data-elementor-id=\"8547\" class=\"elementor elementor-8547 elementor-4891\" data-elementor-post-type=\"page\">\n\t\t\t\t<div class=\"elementor-element elementor-element-17a63e1 e-flex e-con-boxed e-con e-parent\" data-id=\"17a63e1\" data-element_type=\"container\" data-e-type=\"container\">\n\t\t\t\t\t<div class=\"e-con-inner\">\n\t\t\t\t<div class=\"elementor-element elementor-element-cc0dbab text-editor-list blog-post-style light-link elementor-widget elementor-widget-text-editor\" data-id=\"cc0dbab\" data-element_type=\"widget\" data-e-type=\"widget\" data-widget_type=\"text-editor.default\">\n\t\t\t\t\t\t\t\t\t<h1>Politique Cookies<\/h1><p>Les cookies sont des fichiers utilis\u00e9s pour enregistrer des informations relatives \u00e0 votre navigation sur notre site web. En acc\u00e9dant \u00e0 notre site, des cookies peuvent \u00eatre install\u00e9s sur votre navigateur ou votre terminal pour plusieurs finalit\u00e9s.<\/p><p><b>Quels types de cookies utilisons-nous et comment les utilisons-nous ?<\/b><\/p><p>Trustpair utilise \u00e0 la fois des cookies essentiels (c\u2019est-\u00e0-dire des cookies n\u00e9cessaires pour avoir un site web fonctionnel et vous fournir les services associ\u00e9s) et des cookies sp\u00e9cifiques (c\u2019est-\u00e0-dire des cookies qui sont utilis\u00e9s \u00e0 des fins sp\u00e9cifiques).<\/p><p>Les cookies essentiels sont strictement n\u00e9cessaires \u00e0 la fourniture des services disponibles sur notre site web. Ils vont des cookies utilis\u00e9s pour conserver vos choix (par exemple, vos pr\u00e9f\u00e9rences de confidentialit\u00e9 et de langue) aux cookies utilis\u00e9s pour s\u00e9curiser l\u2019utilisation et l\u2019acc\u00e8s au site web (tel que le m\u00e9canisme d\u2019authentification).<\/p><p>Les cookies essentiels sont destin\u00e9s \u00e0 faciliter votre exp\u00e9rience utilisateur et leur utilisation est strictement limit\u00e9e \u00e0 Trustpair.<\/p><p>Les cookies sp\u00e9cifiques sont utilis\u00e9s \u00e0 d\u2019autres fins, par exemple pour permettre \u00e0 Trustpair de comprendre comment le site web est utilis\u00e9 ou pour vous permettre de partager des informations sur les r\u00e9seaux sociaux. Ces cookies ne sont pas obligatoires pour utiliser notre site mais fournissent des services suppl\u00e9mentaires qui peuvent correspondre \u00e0 vos besoins.<\/p><p><b>Comment puis-je personnaliser mon choix de cookies ?<\/b><\/p><p>Lorsque vous utilisez notre site pour la premi\u00e8re fois, vous pourrez s\u00e9lectionner les cookies que vous souhaitez autoriser, via notre interface de gestion des consentements.<\/p><p>Les cookies essentiels sont autoris\u00e9s par d\u00e9faut tandis que les cookies sp\u00e9cifiques sont d\u00e9sactiv\u00e9s et doivent \u00eatre s\u00e9lectionn\u00e9s par vous avant d\u2019\u00eatre install\u00e9s sur votre navigateur.<\/p><p>Notre interface de gestion du consentement vous permet soit d\u2019accepter tous les cookies, soit de les refuser, soit de les s\u00e9lectionner un par un.<\/p><p>Pour faciliter votre utilisation du site, vous n\u2019aurez pas \u00e0 r\u00e9p\u00e9ter vos choix lors de votre prochaine connexion, mais vous pourrez modifier vos choix \u00e0 tout moment en s\u00e9lectionnant l\u2019interface de gestion du consentement et en cochant\/d\u00e9cochant les cookies.<\/p><p><b>Quelle est la dur\u00e9e de vie des cookies ?<\/b><\/p><p>Il existe deux types de cookies : les cookies de session et les cookies persistants.<\/p><p>Les cookies de session sont cr\u00e9\u00e9s temporairement dans le sous-dossier de votre navigateur lorsque vous visitez un site web. Lorsque vous quittez le site, le cookie de session est supprim\u00e9.<\/p><p>Les fichiers de cookies persistants restent dans le sous-dossier de votre navigateur et sont r\u00e9activ\u00e9s d\u00e8s que vous visitez le site web qui a cr\u00e9\u00e9 ce cookie sp\u00e9cifique. Un cookie persistant reste dans le sous-dossier du navigateur pendant la dur\u00e9e d\u00e9finie dans le fichier de cookie.<\/p><p>En r\u00e8gle g\u00e9n\u00e9rale, la dur\u00e9e de validit\u00e9 d\u2019un cookie est de 13 mois maximum.<\/p><p>Pour nous assurer que vous \u00eates \u00e0 l\u2019aise avec votre choix de cookies, nous pouvons vous demander de renouveler votre consentement \u00e0 certains cookies.<\/p><p><b>Quels sont les cookies utilis\u00e9s par Trustpair ?<\/b><\/p><p>La liste des cookies utilis\u00e9s par notre site est susceptible d\u2019\u00eatre modifi\u00e9e. Pour savoir quels cookies nous utilisons actuellement, veuillez consulter notre interface de gestion des consentements.<\/p><p>En tout \u00e9tat de cause, des cookies sp\u00e9cifiques ne seront jamais install\u00e9s sur votre navigateur ou votre terminal sans votre consentement pr\u00e9alable.<\/p><p><b>O\u00f9 puis-je obtenir plus d\u2019informations relatives aux cookies\u00a0?<\/b><\/p><p>Si vous avez une question concernant les cookies vous pouvez nous contacter \u00e0 l\u2019adresse suivante\u00a0<a href=\"mailto:privacy@trustpair.fr\">privacy@trustpair.fr<\/a>.<\/p><p>Vous pouvez \u00e9galement consulter les pages suivantes\u00a0:\u00a0<a href=\"https:\/\/gdpr.eu\/cookies\/\" target=\"_blank\" rel=\"noopener\">https:\/\/gdpr.eu\/cookies\/<\/a>\u00a0 et\u00a0<a href=\"https:\/\/www.cnil.fr\/fr\/cookies-et-autres-traceurs\">https:\/\/www.cnil.fr\/fr\/cookies-et-autres-traceurs<\/a>.<\/p>\t\t\t\t\t\t\t\t<\/div>\n\t\t\t\t\t<\/div>\n\t\t\t\t<\/div>\n\t\t\t\t<\/div>\n\t\t","protected":false},"excerpt":{"rendered":"<p>Politique Cookies Les cookies sont des fichiers utilis\u00e9s pour enregistrer des informations relatives \u00e0 votre navigation sur notre site web. En acc\u00e9dant \u00e0 notre site, des cookies peuvent \u00eatre install\u00e9s sur votre navigateur ou votre terminal pour plusieurs finalit\u00e9s. Quels types de cookies utilisons-nous et comment les utilisons-nous ? Trustpair utilise \u00e0 la fois des [&hellip;]<\/p>\n","protected":false},"author":1,"featured_media":0,"parent":0,"menu_order":0,"comment_status":"closed","ping_status":"closed","template":"elementor_header_footer","meta":{"footnotes":""},"connector-categories":[],"class_list":["post-8547","page","type-page","status-publish","has-post-thumbnail","hentry"],"yoast_head":"<!-- This site is optimized with the Yoast SEO plugin v27.2 - https:\/\/yoast.com\/product\/yoast-seo-wordpress\/ -->\n<title>Politique de cookies - Trustpair<\/title>\n<meta name=\"description\" content=\"Notre politique de cookies\" \/>\n<meta name=\"robots\" content=\"index, follow, max-snippet:-1, max-image-preview:large, max-video-preview:-1\" \/>\n<link rel=\"canonical\" href=\"https:\/\/trustpair.com\/fr\/politique-cookies\/\" \/>\n<meta property=\"og:locale\" content=\"fr_FR\" \/>\n<meta property=\"og:type\" content=\"article\" \/>\n<meta property=\"og:title\" content=\"Politique de cookies - Trustpair\" \/>\n<meta property=\"og:description\" content=\"Notre politique de cookies\" \/>\n<meta property=\"og:url\" content=\"https:\/\/trustpair.com\/fr\/politique-cookies\/\" \/>\n<meta property=\"og:site_name\" content=\"Trustpair\" \/>\n<meta property=\"article:modified_time\" content=\"2024-09-17T15:29:13+00:00\" \/>\n<meta property=\"og:image\" content=\"https:\/\/trustpair.com\/wp-content\/uploads\/trustpair-featured-image.png\" \/>\n\t<meta property=\"og:image:width\" content=\"1200\" \/>\n\t<meta property=\"og:image:height\" content=\"675\" \/>\n\t<meta property=\"og:image:type\" content=\"image\/png\" \/>\n<meta name=\"twitter:card\" content=\"summary_large_image\" \/>\n<meta name=\"twitter:label1\" content=\"Dur\u00e9e de lecture estim\u00e9e\" \/>\n\t<meta name=\"twitter:data1\" content=\"3 minutes\" \/>\n<script type=\"application\/ld+json\" class=\"yoast-schema-graph\">{\"@context\":\"https:\/\/schema.org\",\"@graph\":[{\"@type\":\"WebPage\",\"@id\":\"https:\/\/trustpair.com\/fr\/politique-cookies\/\",\"url\":\"https:\/\/trustpair.com\/fr\/politique-cookies\/\",\"name\":\"Politique de cookies - Trustpair\",\"isPartOf\":{\"@id\":\"https:\/\/trustpair.com\/fr\/#website\"},\"datePublished\":\"2024-07-30T18:07:04+00:00\",\"dateModified\":\"2024-09-17T15:29:13+00:00\",\"description\":\"Notre politique de cookies\",\"breadcrumb\":{\"@id\":\"https:\/\/trustpair.com\/fr\/politique-cookies\/#breadcrumb\"},\"inLanguage\":\"fr-FR\",\"potentialAction\":[{\"@type\":\"ReadAction\",\"target\":[\"https:\/\/trustpair.com\/fr\/politique-cookies\/\"]}]},{\"@type\":\"BreadcrumbList\",\"@id\":\"https:\/\/trustpair.com\/fr\/politique-cookies\/#breadcrumb\",\"itemListElement\":[{\"@type\":\"ListItem\",\"position\":1,\"name\":\"Home\",\"item\":\"https:\/\/trustpair.com\/fr\/\"},{\"@type\":\"ListItem\",\"position\":2,\"name\":\"Politique Cookies\"}]},{\"@type\":\"WebSite\",\"@id\":\"https:\/\/trustpair.com\/fr\/#website\",\"url\":\"https:\/\/trustpair.com\/fr\/\",\"name\":\"Trustpair\",\"description\":\"Solution leader de pr\u00e9vention de la fraude au virement et de contr\u00f4le RIB fournisseurs\",\"publisher\":{\"@id\":\"https:\/\/trustpair.com\/fr\/#organization\"},\"potentialAction\":[{\"@type\":\"SearchAction\",\"target\":{\"@type\":\"EntryPoint\",\"urlTemplate\":\"https:\/\/trustpair.com\/fr\/?s={search_term_string}\"},\"query-input\":{\"@type\":\"PropertyValueSpecification\",\"valueRequired\":true,\"valueName\":\"search_term_string\"}}],\"inLanguage\":\"fr-FR\"},{\"@type\":\"Organization\",\"@id\":\"https:\/\/trustpair.com\/fr\/#organization\",\"name\":\"Trustpair\",\"url\":\"https:\/\/trustpair.com\/fr\/\",\"logo\":{\"@type\":\"ImageObject\",\"inLanguage\":\"fr-FR\",\"@id\":\"https:\/\/trustpair.com\/fr\/#\/schema\/logo\/image\/\",\"url\":\"https:\/\/trustpair.com\/wp-content\/uploads\/2024\/07\/Logo-trustpair.svg\",\"contentUrl\":\"https:\/\/trustpair.com\/wp-content\/uploads\/2024\/07\/Logo-trustpair.svg\",\"width\":304,\"height\":73,\"caption\":\"Trustpair\"},\"image\":{\"@id\":\"https:\/\/trustpair.com\/fr\/#\/schema\/logo\/image\/\"}}]}<\/script>\n<!-- \/ Yoast SEO plugin. -->","yoast_head_json":{"title":"Politique de cookies - Trustpair","description":"Notre politique de cookies","robots":{"index":"index","follow":"follow","max-snippet":"max-snippet:-1","max-image-preview":"max-image-preview:large","max-video-preview":"max-video-preview:-1"},"canonical":"https:\/\/trustpair.com\/fr\/politique-cookies\/","og_locale":"fr_FR","og_type":"article","og_title":"Politique de cookies - Trustpair","og_description":"Notre politique de cookies","og_url":"https:\/\/trustpair.com\/fr\/politique-cookies\/","og_site_name":"Trustpair","article_modified_time":"2024-09-17T15:29:13+00:00","og_image":[{"width":1200,"height":675,"url":"https:\/\/trustpair.com\/wp-content\/uploads\/trustpair-featured-image.png","type":"image\/png"}],"twitter_card":"summary_large_image","twitter_misc":{"Dur\u00e9e de lecture estim\u00e9e":"3 minutes"},"schema":{"@context":"https:\/\/schema.org","@graph":[{"@type":"WebPage","@id":"https:\/\/trustpair.com\/fr\/politique-cookies\/","url":"https:\/\/trustpair.com\/fr\/politique-cookies\/","name":"Politique de cookies - Trustpair","isPartOf":{"@id":"https:\/\/trustpair.com\/fr\/#website"},"datePublished":"2024-07-30T18:07:04+00:00","dateModified":"2024-09-17T15:29:13+00:00","description":"Notre politique de cookies","breadcrumb":{"@id":"https:\/\/trustpair.com\/fr\/politique-cookies\/#breadcrumb"},"inLanguage":"fr-FR","potentialAction":[{"@type":"ReadAction","target":["https:\/\/trustpair.com\/fr\/politique-cookies\/"]}]},{"@type":"BreadcrumbList","@id":"https:\/\/trustpair.com\/fr\/politique-cookies\/#breadcrumb","itemListElement":[{"@type":"ListItem","position":1,"name":"Home","item":"https:\/\/trustpair.com\/fr\/"},{"@type":"ListItem","position":2,"name":"Politique Cookies"}]},{"@type":"WebSite","@id":"https:\/\/trustpair.com\/fr\/#website","url":"https:\/\/trustpair.com\/fr\/","name":"Trustpair","description":"Solution leader de pr\u00e9vention de la fraude au virement et de contr\u00f4le RIB fournisseurs","publisher":{"@id":"https:\/\/trustpair.com\/fr\/#organization"},"potentialAction":[{"@type":"SearchAction","target":{"@type":"EntryPoint","urlTemplate":"https:\/\/trustpair.com\/fr\/?s={search_term_string}"},"query-input":{"@type":"PropertyValueSpecification","valueRequired":true,"valueName":"search_term_string"}}],"inLanguage":"fr-FR"},{"@type":"Organization","@id":"https:\/\/trustpair.com\/fr\/#organization","name":"Trustpair","url":"https:\/\/trustpair.com\/fr\/","logo":{"@type":"ImageObject","inLanguage":"fr-FR","@id":"https:\/\/trustpair.com\/fr\/#\/schema\/logo\/image\/","url":"https:\/\/trustpair.com\/wp-content\/uploads\/2024\/07\/Logo-trustpair.svg","contentUrl":"https:\/\/trustpair.com\/wp-content\/uploads\/2024\/07\/Logo-trustpair.svg","width":304,"height":73,"caption":"Trustpair"},"image":{"@id":"https:\/\/trustpair.com\/fr\/#\/schema\/logo\/image\/"}}]}},"_links":{"self":[{"href":"https:\/\/trustpair.com\/fr\/wp-json\/wp\/v2\/pages\/8547","targetHints":{"allow":["GET"]}}],"collection":[{"href":"https:\/\/trustpair.com\/fr\/wp-json\/wp\/v2\/pages"}],"about":[{"href":"https:\/\/trustpair.com\/fr\/wp-json\/wp\/v2\/types\/page"}],"author":[{"embeddable":true,"href":"https:\/\/trustpair.com\/fr\/wp-json\/wp\/v2\/users\/1"}],"replies":[{"embeddable":true,"href":"https:\/\/trustpair.com\/fr\/wp-json\/wp\/v2\/comments?post=8547"}],"version-history":[{"count":0,"href":"https:\/\/trustpair.com\/fr\/wp-json\/wp\/v2\/pages\/8547\/revisions"}],"wp:attachment":[{"href":"https:\/\/trustpair.com\/fr\/wp-json\/wp\/v2\/media?parent=8547"}],"wp:term":[{"taxonomy":"connector-categories","embeddable":true,"href":"https:\/\/trustpair.com\/fr\/wp-json\/wp\/v2\/connector-categories?post=8547"}],"curies":[{"name":"wp","href":"https:\/\/api.w.org\/{rel}","templated":true}]}}