{"id":16865,"date":"2025-02-24T15:44:09","date_gmt":"2025-02-24T15:44:09","guid":{"rendered":"https:\/\/trustpair.com\/?page_id=16865"},"modified":"2026-03-16T15:06:47","modified_gmt":"2026-03-16T15:06:47","slug":"merci-de-votre-inscription","status":"publish","type":"page","link":"https:\/\/trustpair.com\/fr\/merci-de-votre-inscription\/","title":{"rendered":"Thank you Page (Live events)"},"content":{"rendered":"\t\t<div data-elementor-type=\"wp-page\" data-elementor-id=\"16865\" class=\"elementor elementor-16865\" data-elementor-post-type=\"page\">\n\t\t\t\t<div class=\"elementor-element elementor-element-e377207 e-flex e-con-boxed e-con e-parent\" data-id=\"e377207\" data-element_type=\"container\" data-e-type=\"container\" data-settings=\"{&quot;background_background&quot;:&quot;classic&quot;}\">\n\t\t\t\t\t<div class=\"e-con-inner\">\n\t\t\t\t<div class=\"elementor-element elementor-element-1bf693d elementor-widget__width-initial elementor-widget elementor-widget-heading\" data-id=\"1bf693d\" data-element_type=\"widget\" data-e-type=\"widget\" data-widget_type=\"heading.default\">\n\t\t\t\t\t<h1 class=\"elementor-heading-title elementor-size-default\">Inscription confirm\u00e9e<\/h1>\t\t\t\t<\/div>\n\t\t\t\t<div class=\"elementor-element elementor-element-39b0166 elementor-widget elementor-widget-text-editor\" data-id=\"39b0166\" data-element_type=\"widget\" data-e-type=\"widget\" data-widget_type=\"text-editor.default\">\n\t\t\t\t\t\t\t\t\t<p>Un email de confirmation vous sera envoy\u00e9 sous peu.\u00a0<\/p><p>\u00c0 tr\u00e8s vite !<\/p>\t\t\t\t\t\t\t\t<\/div>\n\t\t\t\t\t<\/div>\n\t\t\t\t<\/div>\n\t\t<div class=\"elementor-element elementor-element-2c86560 h2-events-link e-flex e-con-boxed e-con e-parent\" data-id=\"2c86560\" data-element_type=\"container\" data-e-type=\"container\">\n\t\t\t\t\t<div class=\"e-con-inner\">\n\t\t\t\t<div class=\"elementor-element elementor-element-db4fa13 elementor-widget__width-inherit elementor-widget elementor-widget-heading\" data-id=\"db4fa13\" data-element_type=\"widget\" data-e-type=\"widget\" data-widget_type=\"heading.default\">\n\t\t\t\t\t<h2 class=\"elementor-heading-title elementor-size-default\">Nos prochains \u00e9v\u00e9nements<\/h2>\t\t\t\t<\/div>\n\t\t<div class=\"elementor-element elementor-element-f1afd9e e-flex e-con-boxed e-con e-child\" data-id=\"f1afd9e\" data-element_type=\"container\" data-e-type=\"container\" data-settings=\"{&quot;background_background&quot;:&quot;gradient&quot;}\">\n\t\t\t\t\t<div class=\"e-con-inner\">\n\t\t<div class=\"elementor-element elementor-element-d16a7b7 e-con-full e-flex e-con e-child\" data-id=\"d16a7b7\" data-element_type=\"container\" data-e-type=\"container\" data-settings=\"{&quot;background_background&quot;:&quot;classic&quot;}\">\n\t\t\t\t<div class=\"elementor-element elementor-element-d6ca51e elementor-widget elementor-widget-heading\" data-id=\"d6ca51e\" data-element_type=\"widget\" data-e-type=\"widget\" data-widget_type=\"heading.default\">\n\t\t\t\t\t<div class=\"elementor-heading-title elementor-size-default\">Salon<\/div>\t\t\t\t<\/div>\n\t\t\t\t<\/div>\n\t\t<div class=\"elementor-element elementor-element-54a468a e-con-full e-flex e-con e-child\" data-id=\"54a468a\" data-element_type=\"container\" data-e-type=\"container\" data-settings=\"{&quot;background_background&quot;:&quot;gradient&quot;}\">\n\t\t\t\t<div class=\"elementor-element elementor-element-46500d8 elementor-widget elementor-widget-heading\" data-id=\"46500d8\" data-element_type=\"widget\" data-e-type=\"widget\" data-widget_type=\"heading.default\">\n\t\t\t\t\t<h2 class=\"elementor-heading-title elementor-size-default\"><a href=\"https:\/\/universfinance.evenements.agefi.fr\/fr\" target=\"_blank\">UniversFinance 2026<\/a><\/h2>\t\t\t\t<\/div>\n\t\t\t\t<div class=\"elementor-element elementor-element-4f41c8b elementor-align-start events-icon-list elementor-icon-list--layout-traditional elementor-list-item-link-full_width elementor-widget elementor-widget-icon-list\" data-id=\"4f41c8b\" data-element_type=\"widget\" data-e-type=\"widget\" data-widget_type=\"icon-list.default\">\n\t\t\t\t\t\t\t<ul class=\"elementor-icon-list-items\">\n\t\t\t\t\t\t\t<li class=\"elementor-icon-list-item\">\n\t\t\t\t\t\t\t\t\t\t\t<span class=\"elementor-icon-list-icon\">\n\t\t\t\t\t\t\t<i aria-hidden=\"true\" class=\"icontrusrt icontrusrt-calendar-min\"><\/i>\t\t\t\t\t\t<\/span>\n\t\t\t\t\t\t\t\t\t\t<span class=\"elementor-icon-list-text\">19 mai<\/span>\n\t\t\t\t\t\t\t\t\t<\/li>\n\t\t\t\t\t\t\t\t<li class=\"elementor-icon-list-item\">\n\t\t\t\t\t\t\t\t\t\t\t<span class=\"elementor-icon-list-icon\">\n\t\t\t\t\t\t\t<svg aria-hidden=\"true\" class=\"e-font-icon-svg e-fas-map-marker-alt\" viewBox=\"0 0 384 512\" xmlns=\"http:\/\/www.w3.org\/2000\/svg\"><path d=\"M172.268 501.67C26.97 291.031 0 269.413 0 192 0 85.961 85.961 0 192 0s192 85.961 192 192c0 77.413-26.97 99.031-172.268 309.67-9.535 13.774-29.93 13.773-39.464 0zM192 272c44.183 0 80-35.817 80-80s-35.817-80-80-80-80 35.817-80 80 35.817 80 80 80z\"><\/path><\/svg>\t\t\t\t\t\t<\/span>\n\t\t\t\t\t\t\t\t\t\t<span class=\"elementor-icon-list-text\">Palais Brongniart, Paris<\/span>\n\t\t\t\t\t\t\t\t\t<\/li>\n\t\t\t\t\t\t<\/ul>\n\t\t\t\t\t\t<\/div>\n\t\t\t\t<div class=\"elementor-element elementor-element-dd3583a elementor-widget elementor-widget-button\" data-id=\"dd3583a\" data-element_type=\"widget\" data-e-type=\"widget\" data-widget_type=\"button.default\">\n\t\t\t\t\t\t\t\t\t\t<a class=\"elementor-button elementor-button-link elementor-size-sm\" href=\"https:\/\/trustpair.com\/meeting-request-universfinance-2026\/\">\n\t\t\t\t\t\t<span class=\"elementor-button-content-wrapper\">\n\t\t\t\t\t\t\t\t\t<span class=\"elementor-button-text\">Prendre rendez-vous<\/span>\n\t\t\t\t\t<\/span>\n\t\t\t\t\t<\/a>\n\t\t\t\t\t\t\t\t<\/div>\n\t\t\t\t<\/div>\n\t\t\t\t\t<\/div>\n\t\t\t\t<\/div>\n\t\t\t\t\t<\/div>\n\t\t\t\t<\/div>\n\t\t\t\t<\/div>\n\t\t","protected":false},"excerpt":{"rendered":"<p>Inscription confirm\u00e9e Un email de confirmation vous sera envoy\u00e9 sous peu.\u00a0 \u00c0 tr\u00e8s vite ! Nos prochains \u00e9v\u00e9nements Salon UniversFinance 2026 19 mai Palais Brongniart, Paris Prendre rendez-vous<\/p>\n","protected":false},"author":3,"featured_media":0,"parent":0,"menu_order":0,"comment_status":"closed","ping_status":"closed","template":"","meta":{"footnotes":""},"connector-categories":[],"class_list":["post-16865","page","type-page","status-publish","has-post-thumbnail","hentry"],"yoast_head":"<!-- This site is optimized with the Yoast SEO plugin v27.5 - https:\/\/yoast.com\/product\/yoast-seo-wordpress\/ -->\n<title>Merci pour votre inscription<\/title>\n<meta name=\"description\" content=\"Inscription confirm\u00e9e. Un email de confirmation vous sera envoy\u00e9 sous peu. \u00c0 tr\u00e8s vite !\" \/>\n<meta name=\"robots\" content=\"index, follow, max-snippet:-1, max-image-preview:large, max-video-preview:-1\" \/>\n<link rel=\"canonical\" href=\"https:\/\/trustpair.com\/fr\/merci-de-votre-inscription\/\" \/>\n<meta property=\"og:locale\" content=\"fr_FR\" \/>\n<meta property=\"og:type\" content=\"article\" \/>\n<meta property=\"og:title\" content=\"Merci pour votre inscription\" \/>\n<meta property=\"og:description\" content=\"Inscription confirm\u00e9e. Un email de confirmation vous sera envoy\u00e9 sous peu. \u00c0 tr\u00e8s vite !\" \/>\n<meta property=\"og:url\" content=\"https:\/\/trustpair.com\/fr\/merci-de-votre-inscription\/\" \/>\n<meta property=\"og:site_name\" content=\"Trustpair\" \/>\n<meta property=\"article:modified_time\" content=\"2026-03-16T15:06:47+00:00\" \/>\n<meta property=\"og:image\" content=\"https:\/\/trustpair.com\/wp-content\/uploads\/trustpair-featured-image.png\" \/>\n\t<meta property=\"og:image:width\" content=\"1200\" \/>\n\t<meta property=\"og:image:height\" content=\"675\" \/>\n\t<meta property=\"og:image:type\" content=\"image\/png\" \/>\n<meta name=\"twitter:card\" content=\"summary_large_image\" \/>\n<meta name=\"twitter:label1\" content=\"Dur\u00e9e de lecture estim\u00e9e\" \/>\n\t<meta name=\"twitter:data1\" content=\"1 minute\" \/>\n<script type=\"application\/ld+json\" class=\"yoast-schema-graph\">{\"@context\":\"https:\\\/\\\/schema.org\",\"@graph\":[{\"@type\":\"WebPage\",\"@id\":\"https:\\\/\\\/trustpair.com\\\/fr\\\/merci-de-votre-inscription\\\/\",\"url\":\"https:\\\/\\\/trustpair.com\\\/fr\\\/merci-de-votre-inscription\\\/\",\"name\":\"Merci pour votre inscription\",\"isPartOf\":{\"@id\":\"https:\\\/\\\/trustpair.com\\\/fr\\\/#website\"},\"datePublished\":\"2025-02-24T15:44:09+00:00\",\"dateModified\":\"2026-03-16T15:06:47+00:00\",\"description\":\"Inscription confirm\u00e9e. Un email de confirmation vous sera envoy\u00e9 sous peu. \u00c0 tr\u00e8s vite !\",\"breadcrumb\":{\"@id\":\"https:\\\/\\\/trustpair.com\\\/fr\\\/merci-de-votre-inscription\\\/#breadcrumb\"},\"inLanguage\":\"fr-FR\",\"potentialAction\":[{\"@type\":\"ReadAction\",\"target\":[\"https:\\\/\\\/trustpair.com\\\/fr\\\/merci-de-votre-inscription\\\/\"]}]},{\"@type\":\"BreadcrumbList\",\"@id\":\"https:\\\/\\\/trustpair.com\\\/fr\\\/merci-de-votre-inscription\\\/#breadcrumb\",\"itemListElement\":[{\"@type\":\"ListItem\",\"position\":1,\"name\":\"Home\",\"item\":\"https:\\\/\\\/trustpair.com\\\/fr\\\/\"},{\"@type\":\"ListItem\",\"position\":2,\"name\":\"Thank you Page (Live events)\"}]},{\"@type\":\"WebSite\",\"@id\":\"https:\\\/\\\/trustpair.com\\\/fr\\\/#website\",\"url\":\"https:\\\/\\\/trustpair.com\\\/fr\\\/\",\"name\":\"Trustpair\",\"description\":\"Solution leader de pr\u00e9vention de la fraude au virement et de contr\u00f4le RIB fournisseurs\",\"publisher\":{\"@id\":\"https:\\\/\\\/trustpair.com\\\/fr\\\/#organization\"},\"potentialAction\":[{\"@type\":\"SearchAction\",\"target\":{\"@type\":\"EntryPoint\",\"urlTemplate\":\"https:\\\/\\\/trustpair.com\\\/fr\\\/?s={search_term_string}\"},\"query-input\":{\"@type\":\"PropertyValueSpecification\",\"valueRequired\":true,\"valueName\":\"search_term_string\"}}],\"inLanguage\":\"fr-FR\"},{\"@type\":\"Organization\",\"@id\":\"https:\\\/\\\/trustpair.com\\\/fr\\\/#organization\",\"name\":\"Trustpair\",\"url\":\"https:\\\/\\\/trustpair.com\\\/fr\\\/\",\"logo\":{\"@type\":\"ImageObject\",\"inLanguage\":\"fr-FR\",\"@id\":\"https:\\\/\\\/trustpair.com\\\/fr\\\/#\\\/schema\\\/logo\\\/image\\\/\",\"url\":\"https:\\\/\\\/trustpair.com\\\/wp-content\\\/uploads\\\/2024\\\/07\\\/Logo-trustpair.svg\",\"contentUrl\":\"https:\\\/\\\/trustpair.com\\\/wp-content\\\/uploads\\\/2024\\\/07\\\/Logo-trustpair.svg\",\"width\":304,\"height\":73,\"caption\":\"Trustpair\"},\"image\":{\"@id\":\"https:\\\/\\\/trustpair.com\\\/fr\\\/#\\\/schema\\\/logo\\\/image\\\/\"}}]}<\/script>\n<!-- \/ Yoast SEO plugin. -->","yoast_head_json":{"title":"Merci pour votre inscription","description":"Inscription confirm\u00e9e. Un email de confirmation vous sera envoy\u00e9 sous peu. \u00c0 tr\u00e8s vite !","robots":{"index":"index","follow":"follow","max-snippet":"max-snippet:-1","max-image-preview":"max-image-preview:large","max-video-preview":"max-video-preview:-1"},"canonical":"https:\/\/trustpair.com\/fr\/merci-de-votre-inscription\/","og_locale":"fr_FR","og_type":"article","og_title":"Merci pour votre inscription","og_description":"Inscription confirm\u00e9e. Un email de confirmation vous sera envoy\u00e9 sous peu. \u00c0 tr\u00e8s vite !","og_url":"https:\/\/trustpair.com\/fr\/merci-de-votre-inscription\/","og_site_name":"Trustpair","article_modified_time":"2026-03-16T15:06:47+00:00","og_image":[{"width":1200,"height":675,"url":"https:\/\/trustpair.com\/wp-content\/uploads\/trustpair-featured-image.png","type":"image\/png"}],"twitter_card":"summary_large_image","twitter_misc":{"Dur\u00e9e de lecture estim\u00e9e":"1 minute"},"schema":{"@context":"https:\/\/schema.org","@graph":[{"@type":"WebPage","@id":"https:\/\/trustpair.com\/fr\/merci-de-votre-inscription\/","url":"https:\/\/trustpair.com\/fr\/merci-de-votre-inscription\/","name":"Merci pour votre inscription","isPartOf":{"@id":"https:\/\/trustpair.com\/fr\/#website"},"datePublished":"2025-02-24T15:44:09+00:00","dateModified":"2026-03-16T15:06:47+00:00","description":"Inscription confirm\u00e9e. Un email de confirmation vous sera envoy\u00e9 sous peu. \u00c0 tr\u00e8s vite !","breadcrumb":{"@id":"https:\/\/trustpair.com\/fr\/merci-de-votre-inscription\/#breadcrumb"},"inLanguage":"fr-FR","potentialAction":[{"@type":"ReadAction","target":["https:\/\/trustpair.com\/fr\/merci-de-votre-inscription\/"]}]},{"@type":"BreadcrumbList","@id":"https:\/\/trustpair.com\/fr\/merci-de-votre-inscription\/#breadcrumb","itemListElement":[{"@type":"ListItem","position":1,"name":"Home","item":"https:\/\/trustpair.com\/fr\/"},{"@type":"ListItem","position":2,"name":"Thank you Page (Live events)"}]},{"@type":"WebSite","@id":"https:\/\/trustpair.com\/fr\/#website","url":"https:\/\/trustpair.com\/fr\/","name":"Trustpair","description":"Solution leader de pr\u00e9vention de la fraude au virement et de contr\u00f4le RIB fournisseurs","publisher":{"@id":"https:\/\/trustpair.com\/fr\/#organization"},"potentialAction":[{"@type":"SearchAction","target":{"@type":"EntryPoint","urlTemplate":"https:\/\/trustpair.com\/fr\/?s={search_term_string}"},"query-input":{"@type":"PropertyValueSpecification","valueRequired":true,"valueName":"search_term_string"}}],"inLanguage":"fr-FR"},{"@type":"Organization","@id":"https:\/\/trustpair.com\/fr\/#organization","name":"Trustpair","url":"https:\/\/trustpair.com\/fr\/","logo":{"@type":"ImageObject","inLanguage":"fr-FR","@id":"https:\/\/trustpair.com\/fr\/#\/schema\/logo\/image\/","url":"https:\/\/trustpair.com\/wp-content\/uploads\/2024\/07\/Logo-trustpair.svg","contentUrl":"https:\/\/trustpair.com\/wp-content\/uploads\/2024\/07\/Logo-trustpair.svg","width":304,"height":73,"caption":"Trustpair"},"image":{"@id":"https:\/\/trustpair.com\/fr\/#\/schema\/logo\/image\/"}}]}},"_links":{"self":[{"href":"https:\/\/trustpair.com\/fr\/wp-json\/wp\/v2\/pages\/16865","targetHints":{"allow":["GET"]}}],"collection":[{"href":"https:\/\/trustpair.com\/fr\/wp-json\/wp\/v2\/pages"}],"about":[{"href":"https:\/\/trustpair.com\/fr\/wp-json\/wp\/v2\/types\/page"}],"author":[{"embeddable":true,"href":"https:\/\/trustpair.com\/fr\/wp-json\/wp\/v2\/users\/3"}],"replies":[{"embeddable":true,"href":"https:\/\/trustpair.com\/fr\/wp-json\/wp\/v2\/comments?post=16865"}],"version-history":[{"count":0,"href":"https:\/\/trustpair.com\/fr\/wp-json\/wp\/v2\/pages\/16865\/revisions"}],"wp:attachment":[{"href":"https:\/\/trustpair.com\/fr\/wp-json\/wp\/v2\/media?parent=16865"}],"wp:term":[{"taxonomy":"connector-categories","embeddable":true,"href":"https:\/\/trustpair.com\/fr\/wp-json\/wp\/v2\/connector-categories?post=16865"}],"curies":[{"name":"wp","href":"https:\/\/api.w.org\/{rel}","templated":true}]}}