{"id":16813,"date":"2025-02-21T14:29:39","date_gmt":"2025-02-21T14:29:39","guid":{"rendered":"https:\/\/trustpair.com\/?page_id=16813"},"modified":"2025-11-28T14:54:45","modified_gmt":"2025-11-28T14:54:45","slug":"evenement-decline","status":"publish","type":"page","link":"https:\/\/trustpair.com\/fr\/evenement-decline\/","title":{"rendered":"\u00c9v\u00e9nement d\u00e9clin\u00e9"},"content":{"rendered":"\t\t<div data-elementor-type=\"wp-page\" data-elementor-id=\"16813\" class=\"elementor elementor-16813\" data-elementor-post-type=\"page\">\n\t\t\t\t<div class=\"elementor-element elementor-element-e377207 e-flex e-con-boxed e-con e-parent\" data-id=\"e377207\" data-element_type=\"container\" data-e-type=\"container\" data-settings=\"{&quot;background_background&quot;:&quot;classic&quot;}\">\n\t\t\t\t\t<div class=\"e-con-inner\">\n\t\t\t\t<div class=\"elementor-element elementor-element-1bf693d elementor-widget__width-initial elementor-widget elementor-widget-heading\" data-id=\"1bf693d\" data-element_type=\"widget\" data-e-type=\"widget\" data-widget_type=\"heading.default\">\n\t\t\t\t\t<h1 class=\"elementor-heading-title elementor-size-default\">Nous esp\u00e9rons vous revoir bient\u00f4t  <\/h1>\t\t\t\t<\/div>\n\t\t\t\t\t<\/div>\n\t\t\t\t<\/div>\n\t\t<div class=\"elementor-element elementor-element-2c86560 h2-events-link e-flex e-con-boxed e-con e-parent\" data-id=\"2c86560\" data-element_type=\"container\" data-e-type=\"container\">\n\t\t\t\t\t<div class=\"e-con-inner\">\n\t\t\t\t<div class=\"elementor-element elementor-element-db4fa13 elementor-widget__width-inherit elementor-widget elementor-widget-heading\" data-id=\"db4fa13\" data-element_type=\"widget\" data-e-type=\"widget\" data-widget_type=\"heading.default\">\n\t\t\t\t\t<h2 class=\"elementor-heading-title elementor-size-default\">Autres \u00e9v\u00e9nements<\/h2>\t\t\t\t<\/div>\n\t\t<div class=\"elementor-element elementor-element-f1afd9e e-flex e-con-boxed e-con e-child\" data-id=\"f1afd9e\" data-element_type=\"container\" data-e-type=\"container\" data-settings=\"{&quot;background_background&quot;:&quot;gradient&quot;}\">\n\t\t\t\t\t<div class=\"e-con-inner\">\n\t\t<div class=\"elementor-element elementor-element-d16a7b7 e-con-full e-flex e-con e-child\" data-id=\"d16a7b7\" data-element_type=\"container\" data-e-type=\"container\" data-settings=\"{&quot;background_background&quot;:&quot;classic&quot;}\">\n\t\t\t\t<div class=\"elementor-element elementor-element-d6ca51e elementor-widget elementor-widget-heading\" data-id=\"d6ca51e\" data-element_type=\"widget\" data-e-type=\"widget\" data-widget_type=\"heading.default\">\n\t\t\t\t\t<div class=\"elementor-heading-title elementor-size-default\">Webinar<\/div>\t\t\t\t<\/div>\n\t\t\t\t<\/div>\n\t\t<div class=\"elementor-element elementor-element-54a468a e-con-full e-flex e-con e-child\" data-id=\"54a468a\" data-element_type=\"container\" data-e-type=\"container\" data-settings=\"{&quot;background_background&quot;:&quot;gradient&quot;}\">\n\t\t\t\t<div class=\"elementor-element elementor-element-46500d8 elementor-widget elementor-widget-heading\" data-id=\"46500d8\" data-element_type=\"widget\" data-e-type=\"widget\" data-widget_type=\"heading.default\">\n\t\t\t\t\t<h2 class=\"elementor-heading-title elementor-size-default\">VoP : fonctionnement et limites pour lutter contre la fraude<\/h2>\t\t\t\t<\/div>\n\t\t\t\t<div class=\"elementor-element elementor-element-4f41c8b elementor-align-start events-icon-list elementor-icon-list--layout-traditional elementor-list-item-link-full_width elementor-widget elementor-widget-icon-list\" data-id=\"4f41c8b\" data-element_type=\"widget\" data-e-type=\"widget\" data-widget_type=\"icon-list.default\">\n\t\t\t\t\t\t\t<ul class=\"elementor-icon-list-items\">\n\t\t\t\t\t\t\t<li class=\"elementor-icon-list-item\">\n\t\t\t\t\t\t\t\t\t\t\t<span class=\"elementor-icon-list-icon\">\n\t\t\t\t\t\t\t<i aria-hidden=\"true\" class=\"icontrusrt icontrusrt-globe-min\"><\/i>\t\t\t\t\t\t<\/span>\n\t\t\t\t\t\t\t\t\t\t<span class=\"elementor-icon-list-text\">Replay en ligne<\/span>\n\t\t\t\t\t\t\t\t\t<\/li>\n\t\t\t\t\t\t\t\t<li class=\"elementor-icon-list-item\">\n\t\t\t\t\t\t\t\t\t\t\t<span class=\"elementor-icon-list-icon\">\n\t\t\t\t\t\t\t<svg aria-hidden=\"true\" class=\"e-font-icon-svg e-fas-microphone-alt\" viewBox=\"0 0 352 512\" xmlns=\"http:\/\/www.w3.org\/2000\/svg\"><path d=\"M336 192h-16c-8.84 0-16 7.16-16 16v48c0 74.8-64.49 134.82-140.79 127.38C96.71 376.89 48 317.11 48 250.3V208c0-8.84-7.16-16-16-16H16c-8.84 0-16 7.16-16 16v40.16c0 89.64 63.97 169.55 152 181.69V464H96c-8.84 0-16 7.16-16 16v16c0 8.84 7.16 16 16 16h160c8.84 0 16-7.16 16-16v-16c0-8.84-7.16-16-16-16h-56v-33.77C285.71 418.47 352 344.9 352 256v-48c0-8.84-7.16-16-16-16zM176 352c53.02 0 96-42.98 96-96h-85.33c-5.89 0-10.67-3.58-10.67-8v-16c0-4.42 4.78-8 10.67-8H272v-32h-85.33c-5.89 0-10.67-3.58-10.67-8v-16c0-4.42 4.78-8 10.67-8H272v-32h-85.33c-5.89 0-10.67-3.58-10.67-8v-16c0-4.42 4.78-8 10.67-8H272c0-53.02-42.98-96-96-96S80 42.98 80 96v160c0 53.02 42.98 96 96 96z\"><\/path><\/svg>\t\t\t\t\t\t<\/span>\n\t\t\t\t\t\t\t\t\t\t<span class=\"elementor-icon-list-text\">Cyrille de la Bruneti\u00e8re<\/span>\n\t\t\t\t\t\t\t\t\t<\/li>\n\t\t\t\t\t\t<\/ul>\n\t\t\t\t\t\t<\/div>\n\t\t\t\t<div class=\"elementor-element elementor-element-dd3583a elementor-widget elementor-widget-button\" data-id=\"dd3583a\" data-element_type=\"widget\" data-e-type=\"widget\" data-widget_type=\"button.default\">\n\t\t\t\t\t\t\t\t\t\t<a class=\"elementor-button elementor-button-link elementor-size-sm\" href=\"https:\/\/trustpair.com\/fr\/ressources\/vop-fonctionnement-et-limites-pour-lutter-contre-la-fraude-webinar\/\">\n\t\t\t\t\t\t<span class=\"elementor-button-content-wrapper\">\n\t\t\t\t\t\t\t\t\t<span class=\"elementor-button-text\">Voir le replay<\/span>\n\t\t\t\t\t<\/span>\n\t\t\t\t\t<\/a>\n\t\t\t\t\t\t\t\t<\/div>\n\t\t\t\t<\/div>\n\t\t\t\t\t<\/div>\n\t\t\t\t<\/div>\n\t\t\t\t\t<\/div>\n\t\t\t\t<\/div>\n\t\t\t\t<\/div>\n\t\t","protected":false},"excerpt":{"rendered":"<p>Nous esp\u00e9rons vous revoir bient\u00f4t Autres \u00e9v\u00e9nements Webinar VoP : fonctionnement et limites pour lutter contre la fraude Replay en ligne Cyrille de la Bruneti\u00e8re Voir le replay<\/p>\n","protected":false},"author":1,"featured_media":0,"parent":0,"menu_order":0,"comment_status":"closed","ping_status":"closed","template":"","meta":{"footnotes":""},"connector-categories":[],"class_list":["post-16813","page","type-page","status-publish","has-post-thumbnail","hentry"],"yoast_head":"<!-- This site is optimized with the Yoast SEO plugin v27.5 - https:\/\/yoast.com\/product\/yoast-seo-wordpress\/ -->\n<title>\u00c9v\u00e9nement d\u00e9clin\u00e9 - Trustpair<\/title>\n<meta name=\"description\" content=\"Nous esp\u00e9rons vous voir prochainement sur de futurs \u00e9v\u00e9nements !\" \/>\n<meta name=\"robots\" content=\"index, follow, max-snippet:-1, max-image-preview:large, max-video-preview:-1\" \/>\n<link rel=\"canonical\" href=\"https:\/\/trustpair.com\/fr\/evenement-decline\/\" \/>\n<meta property=\"og:locale\" content=\"fr_FR\" \/>\n<meta property=\"og:type\" content=\"article\" \/>\n<meta property=\"og:title\" content=\"\u00c9v\u00e9nement d\u00e9clin\u00e9 - Trustpair\" \/>\n<meta property=\"og:description\" content=\"Nous esp\u00e9rons vous voir prochainement sur de futurs \u00e9v\u00e9nements !\" \/>\n<meta property=\"og:url\" content=\"https:\/\/trustpair.com\/fr\/evenement-decline\/\" \/>\n<meta property=\"og:site_name\" content=\"Trustpair\" \/>\n<meta property=\"article:modified_time\" content=\"2025-11-28T14:54:45+00:00\" \/>\n<meta property=\"og:image\" content=\"https:\/\/trustpair.com\/wp-content\/uploads\/trustpair-featured-image.png\" \/>\n\t<meta property=\"og:image:width\" content=\"1200\" \/>\n\t<meta property=\"og:image:height\" content=\"675\" \/>\n\t<meta property=\"og:image:type\" content=\"image\/png\" \/>\n<meta name=\"twitter:card\" content=\"summary_large_image\" \/>\n<meta name=\"twitter:label1\" content=\"Dur\u00e9e de lecture estim\u00e9e\" \/>\n\t<meta name=\"twitter:data1\" content=\"1 minute\" \/>\n<script type=\"application\/ld+json\" class=\"yoast-schema-graph\">{\"@context\":\"https:\\\/\\\/schema.org\",\"@graph\":[{\"@type\":\"WebPage\",\"@id\":\"https:\\\/\\\/trustpair.com\\\/fr\\\/evenement-decline\\\/\",\"url\":\"https:\\\/\\\/trustpair.com\\\/fr\\\/evenement-decline\\\/\",\"name\":\"\u00c9v\u00e9nement d\u00e9clin\u00e9 - Trustpair\",\"isPartOf\":{\"@id\":\"https:\\\/\\\/trustpair.com\\\/fr\\\/#website\"},\"datePublished\":\"2025-02-21T14:29:39+00:00\",\"dateModified\":\"2025-11-28T14:54:45+00:00\",\"description\":\"Nous esp\u00e9rons vous voir prochainement sur de futurs \u00e9v\u00e9nements !\",\"breadcrumb\":{\"@id\":\"https:\\\/\\\/trustpair.com\\\/fr\\\/evenement-decline\\\/#breadcrumb\"},\"inLanguage\":\"fr-FR\",\"potentialAction\":[{\"@type\":\"ReadAction\",\"target\":[\"https:\\\/\\\/trustpair.com\\\/fr\\\/evenement-decline\\\/\"]}]},{\"@type\":\"BreadcrumbList\",\"@id\":\"https:\\\/\\\/trustpair.com\\\/fr\\\/evenement-decline\\\/#breadcrumb\",\"itemListElement\":[{\"@type\":\"ListItem\",\"position\":1,\"name\":\"Home\",\"item\":\"https:\\\/\\\/trustpair.com\\\/fr\\\/\"},{\"@type\":\"ListItem\",\"position\":2,\"name\":\"\u00c9v\u00e9nement d\u00e9clin\u00e9\"}]},{\"@type\":\"WebSite\",\"@id\":\"https:\\\/\\\/trustpair.com\\\/fr\\\/#website\",\"url\":\"https:\\\/\\\/trustpair.com\\\/fr\\\/\",\"name\":\"Trustpair\",\"description\":\"Solution leader de pr\u00e9vention de la fraude au virement et de contr\u00f4le RIB fournisseurs\",\"publisher\":{\"@id\":\"https:\\\/\\\/trustpair.com\\\/fr\\\/#organization\"},\"potentialAction\":[{\"@type\":\"SearchAction\",\"target\":{\"@type\":\"EntryPoint\",\"urlTemplate\":\"https:\\\/\\\/trustpair.com\\\/fr\\\/?s={search_term_string}\"},\"query-input\":{\"@type\":\"PropertyValueSpecification\",\"valueRequired\":true,\"valueName\":\"search_term_string\"}}],\"inLanguage\":\"fr-FR\"},{\"@type\":\"Organization\",\"@id\":\"https:\\\/\\\/trustpair.com\\\/fr\\\/#organization\",\"name\":\"Trustpair\",\"url\":\"https:\\\/\\\/trustpair.com\\\/fr\\\/\",\"logo\":{\"@type\":\"ImageObject\",\"inLanguage\":\"fr-FR\",\"@id\":\"https:\\\/\\\/trustpair.com\\\/fr\\\/#\\\/schema\\\/logo\\\/image\\\/\",\"url\":\"https:\\\/\\\/trustpair.com\\\/wp-content\\\/uploads\\\/2024\\\/07\\\/Logo-trustpair.svg\",\"contentUrl\":\"https:\\\/\\\/trustpair.com\\\/wp-content\\\/uploads\\\/2024\\\/07\\\/Logo-trustpair.svg\",\"width\":304,\"height\":73,\"caption\":\"Trustpair\"},\"image\":{\"@id\":\"https:\\\/\\\/trustpair.com\\\/fr\\\/#\\\/schema\\\/logo\\\/image\\\/\"}}]}<\/script>\n<!-- \/ Yoast SEO plugin. -->","yoast_head_json":{"title":"\u00c9v\u00e9nement d\u00e9clin\u00e9 - Trustpair","description":"Nous esp\u00e9rons vous voir prochainement sur de futurs \u00e9v\u00e9nements !","robots":{"index":"index","follow":"follow","max-snippet":"max-snippet:-1","max-image-preview":"max-image-preview:large","max-video-preview":"max-video-preview:-1"},"canonical":"https:\/\/trustpair.com\/fr\/evenement-decline\/","og_locale":"fr_FR","og_type":"article","og_title":"\u00c9v\u00e9nement d\u00e9clin\u00e9 - Trustpair","og_description":"Nous esp\u00e9rons vous voir prochainement sur de futurs \u00e9v\u00e9nements !","og_url":"https:\/\/trustpair.com\/fr\/evenement-decline\/","og_site_name":"Trustpair","article_modified_time":"2025-11-28T14:54:45+00:00","og_image":[{"width":1200,"height":675,"url":"https:\/\/trustpair.com\/wp-content\/uploads\/trustpair-featured-image.png","type":"image\/png"}],"twitter_card":"summary_large_image","twitter_misc":{"Dur\u00e9e de lecture estim\u00e9e":"1 minute"},"schema":{"@context":"https:\/\/schema.org","@graph":[{"@type":"WebPage","@id":"https:\/\/trustpair.com\/fr\/evenement-decline\/","url":"https:\/\/trustpair.com\/fr\/evenement-decline\/","name":"\u00c9v\u00e9nement d\u00e9clin\u00e9 - Trustpair","isPartOf":{"@id":"https:\/\/trustpair.com\/fr\/#website"},"datePublished":"2025-02-21T14:29:39+00:00","dateModified":"2025-11-28T14:54:45+00:00","description":"Nous esp\u00e9rons vous voir prochainement sur de futurs \u00e9v\u00e9nements !","breadcrumb":{"@id":"https:\/\/trustpair.com\/fr\/evenement-decline\/#breadcrumb"},"inLanguage":"fr-FR","potentialAction":[{"@type":"ReadAction","target":["https:\/\/trustpair.com\/fr\/evenement-decline\/"]}]},{"@type":"BreadcrumbList","@id":"https:\/\/trustpair.com\/fr\/evenement-decline\/#breadcrumb","itemListElement":[{"@type":"ListItem","position":1,"name":"Home","item":"https:\/\/trustpair.com\/fr\/"},{"@type":"ListItem","position":2,"name":"\u00c9v\u00e9nement d\u00e9clin\u00e9"}]},{"@type":"WebSite","@id":"https:\/\/trustpair.com\/fr\/#website","url":"https:\/\/trustpair.com\/fr\/","name":"Trustpair","description":"Solution leader de pr\u00e9vention de la fraude au virement et de contr\u00f4le RIB fournisseurs","publisher":{"@id":"https:\/\/trustpair.com\/fr\/#organization"},"potentialAction":[{"@type":"SearchAction","target":{"@type":"EntryPoint","urlTemplate":"https:\/\/trustpair.com\/fr\/?s={search_term_string}"},"query-input":{"@type":"PropertyValueSpecification","valueRequired":true,"valueName":"search_term_string"}}],"inLanguage":"fr-FR"},{"@type":"Organization","@id":"https:\/\/trustpair.com\/fr\/#organization","name":"Trustpair","url":"https:\/\/trustpair.com\/fr\/","logo":{"@type":"ImageObject","inLanguage":"fr-FR","@id":"https:\/\/trustpair.com\/fr\/#\/schema\/logo\/image\/","url":"https:\/\/trustpair.com\/wp-content\/uploads\/2024\/07\/Logo-trustpair.svg","contentUrl":"https:\/\/trustpair.com\/wp-content\/uploads\/2024\/07\/Logo-trustpair.svg","width":304,"height":73,"caption":"Trustpair"},"image":{"@id":"https:\/\/trustpair.com\/fr\/#\/schema\/logo\/image\/"}}]}},"_links":{"self":[{"href":"https:\/\/trustpair.com\/fr\/wp-json\/wp\/v2\/pages\/16813","targetHints":{"allow":["GET"]}}],"collection":[{"href":"https:\/\/trustpair.com\/fr\/wp-json\/wp\/v2\/pages"}],"about":[{"href":"https:\/\/trustpair.com\/fr\/wp-json\/wp\/v2\/types\/page"}],"author":[{"embeddable":true,"href":"https:\/\/trustpair.com\/fr\/wp-json\/wp\/v2\/users\/1"}],"replies":[{"embeddable":true,"href":"https:\/\/trustpair.com\/fr\/wp-json\/wp\/v2\/comments?post=16813"}],"version-history":[{"count":0,"href":"https:\/\/trustpair.com\/fr\/wp-json\/wp\/v2\/pages\/16813\/revisions"}],"wp:attachment":[{"href":"https:\/\/trustpair.com\/fr\/wp-json\/wp\/v2\/media?parent=16813"}],"wp:term":[{"taxonomy":"connector-categories","embeddable":true,"href":"https:\/\/trustpair.com\/fr\/wp-json\/wp\/v2\/connector-categories?post=16813"}],"curies":[{"name":"wp","href":"https:\/\/api.w.org\/{rel}","templated":true}]}}